{"id":352,"date":"2022-11-19T20:10:09","date_gmt":"2022-11-19T23:10:09","guid":{"rendered":"https:\/\/projetos.dropestore.com\/pluginrifa\/modelo1\/?post_type=product&#038;p=352"},"modified":"2025-11-21T02:19:15","modified_gmt":"2025-11-21T05:19:15","slug":"celular-iphone-14","status":"publish","type":"product","link":"https:\/\/projetos.dropestore.com\/pluginrifa\/modelo1\/rifa\/celular-iphone-14\/","title":{"rendered":"Celular iPhone 14"},"content":{"rendered":"","protected":false},"excerpt":{"rendered":"<p>Que tal ganhar um celular novinho? Essa \u00e9 a sua melhor chance. A Drope est\u00e1 sorteando um iPhone 14.<\/p>\n<p>Ser\u00e3o apenas 1000 n\u00fameros, ent\u00e3o corra e garanta seus n\u00fameros agora mesmo antes que acabe.<\/p>\n","protected":false},"featured_media":353,"comment_status":"open","ping_status":"closed","template":"","meta":[],"product_brand":[],"product_cat":[16],"product_tag":[],"class_list":{"0":"post-352","1":"product","2":"type-product","3":"status-publish","4":"has-post-thumbnail","6":"product_cat-rifa","8":"first","9":"instock","10":"virtual","11":"purchasable","12":"product-type-simple"},"acf":[],"_links":{"self":[{"href":"https:\/\/projetos.dropestore.com\/pluginrifa\/modelo1\/wp-json\/wp\/v2\/product\/352","targetHints":{"allow":["GET"]}}],"collection":[{"href":"https:\/\/projetos.dropestore.com\/pluginrifa\/modelo1\/wp-json\/wp\/v2\/product"}],"about":[{"href":"https:\/\/projetos.dropestore.com\/pluginrifa\/modelo1\/wp-json\/wp\/v2\/types\/product"}],"replies":[{"embeddable":true,"href":"https:\/\/projetos.dropestore.com\/pluginrifa\/modelo1\/wp-json\/wp\/v2\/comments?post=352"}],"wp:featuredmedia":[{"embeddable":true,"href":"https:\/\/projetos.dropestore.com\/pluginrifa\/modelo1\/wp-json\/wp\/v2\/media\/353"}],"wp:attachment":[{"href":"https:\/\/projetos.dropestore.com\/pluginrifa\/modelo1\/wp-json\/wp\/v2\/media?parent=352"}],"wp:term":[{"taxonomy":"product_brand","embeddable":true,"href":"https:\/\/projetos.dropestore.com\/pluginrifa\/modelo1\/wp-json\/wp\/v2\/product_brand?post=352"},{"taxonomy":"product_cat","embeddable":true,"href":"https:\/\/projetos.dropestore.com\/pluginrifa\/modelo1\/wp-json\/wp\/v2\/product_cat?post=352"},{"taxonomy":"product_tag","embeddable":true,"href":"https:\/\/projetos.dropestore.com\/pluginrifa\/modelo1\/wp-json\/wp\/v2\/product_tag?post=352"}],"curies":[{"name":"wp","href":"https:\/\/api.w.org\/{rel}","templated":true}]}}