{"id":139,"date":"2022-11-05T20:56:58","date_gmt":"2022-11-05T23:56:58","guid":{"rendered":"https:\/\/projetos.dropestore.com\/pluginrifa\/modelo1\/?post_type=product&#038;p=139"},"modified":"2026-03-12T19:29:23","modified_gmt":"2026-03-12T22:29:23","slug":"moto-cb-600","status":"publish","type":"product","link":"https:\/\/projetos.dropestore.com\/pluginrifa\/modelo1\/rifa\/moto-cb-600\/","title":{"rendered":"Moto Honda CB 600"},"content":{"rendered":"","protected":false},"excerpt":{"rendered":"<p>Que tal ganhar uma moto novinha ? Essa \u00e9 a sua melhor chance. A Drope est\u00e1 sorteando uma CB 600.<\/p>\n<p>Ser\u00e3o apenas 1000 n\u00fameros, ent\u00e3o corra e garanta seus n\u00fameros agora mesmo antes que acabe.<\/p>\n","protected":false},"featured_media":117,"comment_status":"open","ping_status":"closed","template":"","meta":[],"product_brand":[],"product_cat":[23],"product_tag":[],"class_list":{"0":"post-139","1":"product","2":"type-product","3":"status-publish","4":"has-post-thumbnail","6":"product_cat-rifa-aleatoria","8":"first","9":"instock","10":"virtual","11":"purchasable","12":"product-type-simple"},"acf":[],"_links":{"self":[{"href":"https:\/\/projetos.dropestore.com\/pluginrifa\/modelo1\/wp-json\/wp\/v2\/product\/139","targetHints":{"allow":["GET"]}}],"collection":[{"href":"https:\/\/projetos.dropestore.com\/pluginrifa\/modelo1\/wp-json\/wp\/v2\/product"}],"about":[{"href":"https:\/\/projetos.dropestore.com\/pluginrifa\/modelo1\/wp-json\/wp\/v2\/types\/product"}],"replies":[{"embeddable":true,"href":"https:\/\/projetos.dropestore.com\/pluginrifa\/modelo1\/wp-json\/wp\/v2\/comments?post=139"}],"wp:featuredmedia":[{"embeddable":true,"href":"https:\/\/projetos.dropestore.com\/pluginrifa\/modelo1\/wp-json\/wp\/v2\/media\/117"}],"wp:attachment":[{"href":"https:\/\/projetos.dropestore.com\/pluginrifa\/modelo1\/wp-json\/wp\/v2\/media?parent=139"}],"wp:term":[{"taxonomy":"product_brand","embeddable":true,"href":"https:\/\/projetos.dropestore.com\/pluginrifa\/modelo1\/wp-json\/wp\/v2\/product_brand?post=139"},{"taxonomy":"product_cat","embeddable":true,"href":"https:\/\/projetos.dropestore.com\/pluginrifa\/modelo1\/wp-json\/wp\/v2\/product_cat?post=139"},{"taxonomy":"product_tag","embeddable":true,"href":"https:\/\/projetos.dropestore.com\/pluginrifa\/modelo1\/wp-json\/wp\/v2\/product_tag?post=139"}],"curies":[{"name":"wp","href":"https:\/\/api.w.org\/{rel}","templated":true}]}}