{"id":21,"date":"2022-04-10T00:38:53","date_gmt":"2022-04-10T03:38:53","guid":{"rendered":"https:\/\/projetos.dropestore.com\/pluginleilao\/?page_id=21"},"modified":"2022-04-13T10:02:55","modified_gmt":"2022-04-13T13:02:55","slug":"home","status":"publish","type":"page","link":"https:\/\/projetos.dropestore.com\/pluginleilao\/","title":{"rendered":"Home"},"content":{"rendered":"\t\t<div data-elementor-type=\"wp-page\" data-elementor-id=\"21\" class=\"elementor elementor-21\">\n\t\t\t\t\t\t<section class=\"elementor-section elementor-top-section elementor-element elementor-element-0b42e49 elementor-section-boxed elementor-section-height-default elementor-section-height-default\" data-id=\"0b42e49\" data-element_type=\"section\">\n\t\t\t\t\t\t<div class=\"elementor-container elementor-column-gap-default\">\n\t\t\t\t\t<div class=\"elementor-column elementor-col-100 elementor-top-column elementor-element elementor-element-6d288d7\" data-id=\"6d288d7\" data-element_type=\"column\">\n\t\t\t<div class=\"elementor-widget-wrap elementor-element-populated\">\n\t\t\t\t\t\t<div class=\"elementor-element elementor-element-54a26b5 elementor-widget elementor-widget-heading\" data-id=\"54a26b5\" data-element_type=\"widget\" data-widget_type=\"heading.default\">\n\t\t\t\t<div class=\"elementor-widget-container\">\n\t\t\t\t\t<h2 class=\"elementor-heading-title elementor-size-default\">Leil\u00f5es ativos<\/h2>\t\t\t\t<\/div>\n\t\t\t\t<\/div>\n\t\t\t\t<div class=\"elementor-element elementor-element-8f1b508 elementor-widget elementor-widget-shortcode\" data-id=\"8f1b508\" data-element_type=\"widget\" data-widget_type=\"shortcode.default\">\n\t\t\t\t<div class=\"elementor-widget-container\">\n\t\t\t\t\t\t\t<div class=\"elementor-shortcode\">\n\t    <section class=\"plugin-leilao\">\n\n\t    <main class=\"cards\">\n\t        <div class=\"container-leilao\">\n\t            <section class=\"cards__grid\">\n\n    \n\n    \t\t\t<\/section>\n    \t\t<\/div>\n    \t<\/main>\n    \t<\/section>\n\n    \t<script><\/script>\n\n    <\/div>\n\t\t\t\t\t\t<\/div>\n\t\t\t\t<\/div>\n\t\t\t\t\t<\/div>\n\t\t<\/div>\n\t\t\t\t\t<\/div>\n\t\t<\/section>\n\t\t\t\t<section class=\"elementor-section elementor-top-section elementor-element elementor-element-7d3cdcd elementor-section-boxed elementor-section-height-default elementor-section-height-default\" data-id=\"7d3cdcd\" data-element_type=\"section\" data-settings=\"{&quot;background_background&quot;:&quot;gradient&quot;}\">\n\t\t\t\t\t\t<div class=\"elementor-container elementor-column-gap-default\">\n\t\t\t\t\t<div class=\"elementor-column elementor-col-100 elementor-top-column elementor-element elementor-element-186ead7\" data-id=\"186ead7\" data-element_type=\"column\">\n\t\t\t<div class=\"elementor-widget-wrap elementor-element-populated\">\n\t\t\t\t\t\t<div class=\"elementor-element elementor-element-4d98cc5 elementor-widget elementor-widget-heading\" data-id=\"4d98cc5\" data-element_type=\"widget\" data-widget_type=\"heading.default\">\n\t\t\t\t<div class=\"elementor-widget-container\">\n\t\t\t\t\t<h2 class=\"elementor-heading-title elementor-size-default\">Leil\u00f5es n\u00e3o iniciados<\/h2>\t\t\t\t<\/div>\n\t\t\t\t<\/div>\n\t\t\t\t<div class=\"elementor-element elementor-element-8102eba elementor-widget elementor-widget-shortcode\" data-id=\"8102eba\" data-element_type=\"widget\" data-widget_type=\"shortcode.default\">\n\t\t\t\t<div class=\"elementor-widget-container\">\n\t\t\t\t\t\t\t<div class=\"elementor-shortcode\">\n\t    <section class=\"plugin-leilao\">\n\n\t    <main class=\"cards\">\n\t        <div class=\"container-leilao\">\n\t            <section class=\"cards__grid\">\n\n    \n\n    \t\t\t<\/section>\n    \t\t<\/div>\n    \t<\/main>\n    \t<\/section>\n\n    \t<script><\/script>\n    \t\n    <\/div>\n\t\t\t\t\t\t<\/div>\n\t\t\t\t<\/div>\n\t\t\t\t\t<\/div>\n\t\t<\/div>\n\t\t\t\t\t<\/div>\n\t\t<\/section>\n\t\t\t\t<section class=\"elementor-section elementor-top-section elementor-element elementor-element-cb23642 elementor-section-boxed elementor-section-height-default elementor-section-height-default\" data-id=\"cb23642\" data-element_type=\"section\">\n\t\t\t\t\t\t<div class=\"elementor-container elementor-column-gap-default\">\n\t\t\t\t\t<div class=\"elementor-column elementor-col-100 elementor-top-column elementor-element elementor-element-1bd6d4c\" data-id=\"1bd6d4c\" data-element_type=\"column\">\n\t\t\t<div class=\"elementor-widget-wrap elementor-element-populated\">\n\t\t\t\t\t\t<div class=\"elementor-element elementor-element-b3207ac elementor-widget elementor-widget-heading\" data-id=\"b3207ac\" data-element_type=\"widget\" data-widget_type=\"heading.default\">\n\t\t\t\t<div class=\"elementor-widget-container\">\n\t\t\t\t\t<h2 class=\"elementor-heading-title elementor-size-default\">Leil\u00f5es encerrados<\/h2>\t\t\t\t<\/div>\n\t\t\t\t<\/div>\n\t\t\t\t<div class=\"elementor-element elementor-element-caf66ec elementor-widget elementor-widget-shortcode\" data-id=\"caf66ec\" data-element_type=\"widget\" data-widget_type=\"shortcode.default\">\n\t\t\t\t<div class=\"elementor-widget-container\">\n\t\t\t\t\t\t\t<div class=\"elementor-shortcode\">\n\t    <section class=\"plugin-leilao\">\n\n\t    <main class=\"cards\">\n\t        <div class=\"container-leilao\">\n\t            <section class=\"cards__grid\">\n\n    \n\n      \t\t\t<aside class=\"cards__grid__card produto\">\n                    <h5>Encerrado 30\/06\/2023 00:00:00<\/h5>\n                    <img fetchpriority=\"high\" decoding=\"async\" width=\"900\" height=\"900\" src=\"https:\/\/projetos.dropestore.com\/pluginleilao\/wp-content\/uploads\/2022\/09\/20210116140219316746.jpg\" class=\"attachment-post-thumbnail size-post-thumbnail wp-post-image\" alt=\"\" srcset=\"https:\/\/projetos.dropestore.com\/pluginleilao\/wp-content\/uploads\/2022\/09\/20210116140219316746.jpg 900w, https:\/\/projetos.dropestore.com\/pluginleilao\/wp-content\/uploads\/2022\/09\/20210116140219316746-300x300.jpg 300w, https:\/\/projetos.dropestore.com\/pluginleilao\/wp-content\/uploads\/2022\/09\/20210116140219316746-150x150.jpg 150w, https:\/\/projetos.dropestore.com\/pluginleilao\/wp-content\/uploads\/2022\/09\/20210116140219316746-768x768.jpg 768w\" sizes=\"(max-width: 900px) 100vw, 900px\" \/>\n                    <h2><a href=\"https:\/\/projetos.dropestore.com\/pluginleilao\/leilao\/casa-105m\/\">Casa 105m\u00b2<\/a><\/h2>\n\n                    <a class=\"btn-leilao-encerrado\" href=\"https:\/\/projetos.dropestore.com\/pluginleilao\/leilao\/casa-105m\/\">Encerrado<\/a>\n                <\/aside>\n\n\n      \t\t\n\n      \t\t\t<aside class=\"cards__grid__card produto\">\n                    <h5>Encerrado 12\/10\/2022 00:00:00<\/h5>\n                    <img decoding=\"async\" width=\"1200\" height=\"1200\" src=\"https:\/\/projetos.dropestore.com\/pluginleilao\/wp-content\/uploads\/2022\/04\/bicicleta.jpg\" class=\"attachment-post-thumbnail size-post-thumbnail wp-post-image\" alt=\"\" srcset=\"https:\/\/projetos.dropestore.com\/pluginleilao\/wp-content\/uploads\/2022\/04\/bicicleta.jpg 1200w, https:\/\/projetos.dropestore.com\/pluginleilao\/wp-content\/uploads\/2022\/04\/bicicleta-300x300.jpg 300w, https:\/\/projetos.dropestore.com\/pluginleilao\/wp-content\/uploads\/2022\/04\/bicicleta-1024x1024.jpg 1024w, https:\/\/projetos.dropestore.com\/pluginleilao\/wp-content\/uploads\/2022\/04\/bicicleta-150x150.jpg 150w, https:\/\/projetos.dropestore.com\/pluginleilao\/wp-content\/uploads\/2022\/04\/bicicleta-768x768.jpg 768w\" sizes=\"(max-width: 1200px) 100vw, 1200px\" \/>\n                    <h2><a href=\"https:\/\/projetos.dropestore.com\/pluginleilao\/leilao\/bibicleta-esportiva\/\">Bibicleta Esportiva<\/a><\/h2>\n\n                    <a class=\"btn-leilao-encerrado\" href=\"https:\/\/projetos.dropestore.com\/pluginleilao\/leilao\/bibicleta-esportiva\/\">Encerrado<\/a>\n                <\/aside>\n\n\n      \t\t\n\n      \t\t\t<aside class=\"cards__grid__card produto\">\n                    <h5>Encerrado 12\/04\/2022 23:12:00<\/h5>\n                    <img decoding=\"async\" width=\"1200\" height=\"1200\" src=\"https:\/\/projetos.dropestore.com\/pluginleilao\/wp-content\/uploads\/2022\/04\/bmw.jpg\" class=\"attachment-post-thumbnail size-post-thumbnail wp-post-image\" alt=\"\" srcset=\"https:\/\/projetos.dropestore.com\/pluginleilao\/wp-content\/uploads\/2022\/04\/bmw.jpg 1200w, https:\/\/projetos.dropestore.com\/pluginleilao\/wp-content\/uploads\/2022\/04\/bmw-300x300.jpg 300w, https:\/\/projetos.dropestore.com\/pluginleilao\/wp-content\/uploads\/2022\/04\/bmw-1024x1024.jpg 1024w, https:\/\/projetos.dropestore.com\/pluginleilao\/wp-content\/uploads\/2022\/04\/bmw-150x150.jpg 150w, https:\/\/projetos.dropestore.com\/pluginleilao\/wp-content\/uploads\/2022\/04\/bmw-768x768.jpg 768w\" sizes=\"(max-width: 1200px) 100vw, 1200px\" \/>\n                    <h2><a href=\"https:\/\/projetos.dropestore.com\/pluginleilao\/leilao\/bmw-g250\/\">BMW G250<\/a><\/h2>\n\n                    <a class=\"btn-leilao-encerrado\" href=\"https:\/\/projetos.dropestore.com\/pluginleilao\/leilao\/bmw-g250\/\">Encerrado<\/a>\n                <\/aside>\n\n\n      \t\t\n\n      \t\t\t<aside class=\"cards__grid__card produto\">\n                    <h5>Encerrado 31\/12\/2023 00:00:00<\/h5>\n                    <img loading=\"lazy\" decoding=\"async\" width=\"1200\" height=\"1200\" src=\"https:\/\/projetos.dropestore.com\/pluginleilao\/wp-content\/uploads\/2022\/04\/iphone.jpg\" class=\"attachment-post-thumbnail size-post-thumbnail wp-post-image\" alt=\"\" srcset=\"https:\/\/projetos.dropestore.com\/pluginleilao\/wp-content\/uploads\/2022\/04\/iphone.jpg 1200w, https:\/\/projetos.dropestore.com\/pluginleilao\/wp-content\/uploads\/2022\/04\/iphone-300x300.jpg 300w, https:\/\/projetos.dropestore.com\/pluginleilao\/wp-content\/uploads\/2022\/04\/iphone-1024x1024.jpg 1024w, https:\/\/projetos.dropestore.com\/pluginleilao\/wp-content\/uploads\/2022\/04\/iphone-150x150.jpg 150w, https:\/\/projetos.dropestore.com\/pluginleilao\/wp-content\/uploads\/2022\/04\/iphone-768x768.jpg 768w\" sizes=\"(max-width: 1200px) 100vw, 1200px\" \/>\n                    <h2><a href=\"https:\/\/projetos.dropestore.com\/pluginleilao\/leilao\/iphone-13-pro-max\/\">iPhone 13 PRO Max<\/a><\/h2>\n\n                    <a class=\"btn-leilao-encerrado\" href=\"https:\/\/projetos.dropestore.com\/pluginleilao\/leilao\/iphone-13-pro-max\/\">Encerrado<\/a>\n                <\/aside>\n\n\n      \t\t\n\n      \t\t\t<aside class=\"cards__grid__card produto\">\n                    <h5>Encerrado 31\/08\/2023 00:00:00<\/h5>\n                    <img loading=\"lazy\" decoding=\"async\" width=\"1200\" height=\"1200\" src=\"https:\/\/projetos.dropestore.com\/pluginleilao\/wp-content\/uploads\/2022\/04\/apartamento.jpg\" class=\"attachment-post-thumbnail size-post-thumbnail wp-post-image\" alt=\"\" srcset=\"https:\/\/projetos.dropestore.com\/pluginleilao\/wp-content\/uploads\/2022\/04\/apartamento.jpg 1200w, https:\/\/projetos.dropestore.com\/pluginleilao\/wp-content\/uploads\/2022\/04\/apartamento-300x300.jpg 300w, https:\/\/projetos.dropestore.com\/pluginleilao\/wp-content\/uploads\/2022\/04\/apartamento-1024x1024.jpg 1024w, https:\/\/projetos.dropestore.com\/pluginleilao\/wp-content\/uploads\/2022\/04\/apartamento-150x150.jpg 150w, https:\/\/projetos.dropestore.com\/pluginleilao\/wp-content\/uploads\/2022\/04\/apartamento-768x768.jpg 768w\" sizes=\"(max-width: 1200px) 100vw, 1200px\" \/>\n                    <h2><a href=\"https:\/\/projetos.dropestore.com\/pluginleilao\/leilao\/apartamento-150m\/\">Apartamento 150m\u00b2<\/a><\/h2>\n\n                    <a class=\"btn-leilao-encerrado\" href=\"https:\/\/projetos.dropestore.com\/pluginleilao\/leilao\/apartamento-150m\/\">Encerrado<\/a>\n                <\/aside>\n\n\n      \t\t\n\n    \t\t\t<\/section>\n    \t\t<\/div>\n    \t<\/main>\n    \t<\/section>\n\n    \t<script><\/script>\n    \t\n    <\/div>\n\t\t\t\t\t\t<\/div>\n\t\t\t\t<\/div>\n\t\t\t\t\t<\/div>\n\t\t<\/div>\n\t\t\t\t\t<\/div>\n\t\t<\/section>\n\t\t\t\t<\/div>\n\t\t","protected":false},"excerpt":{"rendered":"<p>Leil\u00f5es ativos Leil\u00f5es n\u00e3o iniciados Leil\u00f5es encerrados<\/p>\n","protected":false},"author":1,"featured_media":0,"parent":0,"menu_order":0,"comment_status":"closed","ping_status":"closed","template":"elementor_header_footer","meta":{"site-sidebar-layout":"no-sidebar","site-content-layout":"page-builder","ast-site-content-layout":"","site-content-style":"default","site-sidebar-style":"default","ast-global-header-display":"","ast-banner-title-visibility":"","ast-main-header-display":"","ast-hfb-above-header-display":"","ast-hfb-below-header-display":"","ast-hfb-mobile-header-display":"","site-post-title":"disabled","ast-breadcrumbs-content":"","ast-featured-img":"disabled","footer-sml-layout":"","theme-transparent-header-meta":"","adv-header-id-meta":"","stick-header-meta":"","header-above-stick-meta":"","header-main-stick-meta":"","header-below-stick-meta":"","astra-migrate-meta-layouts":"default","ast-page-background-enabled":"default","ast-page-background-meta":{"desktop":{"background-color":"var(--ast-global-color-4)","background-image":"","background-repeat":"repeat","background-position":"center center","background-size":"auto","background-attachment":"scroll","background-type":"","background-media":"","overlay-type":"","overlay-color":"","overlay-opacity":"","overlay-gradient":""},"tablet":{"background-color":"","background-image":"","background-repeat":"repeat","background-position":"center center","background-size":"auto","background-attachment":"scroll","background-type":"","background-media":"","overlay-type":"","overlay-color":"","overlay-opacity":"","overlay-gradient":""},"mobile":{"background-color":"","background-image":"","background-repeat":"repeat","background-position":"center center","background-size":"auto","background-attachment":"scroll","background-type":"","background-media":"","overlay-type":"","overlay-color":"","overlay-opacity":"","overlay-gradient":""}},"ast-content-background-meta":{"desktop":{"background-color":"var(--ast-global-color-5)","background-image":"","background-repeat":"repeat","background-position":"center center","background-size":"auto","background-attachment":"scroll","background-type":"","background-media":"","overlay-type":"","overlay-color":"","overlay-opacity":"","overlay-gradient":""},"tablet":{"background-color":"var(--ast-global-color-5)","background-image":"","background-repeat":"repeat","background-position":"center center","background-size":"auto","background-attachment":"scroll","background-type":"","background-media":"","overlay-type":"","overlay-color":"","overlay-opacity":"","overlay-gradient":""},"mobile":{"background-color":"var(--ast-global-color-5)","background-image":"","background-repeat":"repeat","background-position":"center center","background-size":"auto","background-attachment":"scroll","background-type":"","background-media":"","overlay-type":"","overlay-color":"","overlay-opacity":"","overlay-gradient":""}},"footnotes":""},"class_list":["post-21","page","type-page","status-publish","hentry"],"acf":[],"_links":{"self":[{"href":"https:\/\/projetos.dropestore.com\/pluginleilao\/wp-json\/wp\/v2\/pages\/21","targetHints":{"allow":["GET"]}}],"collection":[{"href":"https:\/\/projetos.dropestore.com\/pluginleilao\/wp-json\/wp\/v2\/pages"}],"about":[{"href":"https:\/\/projetos.dropestore.com\/pluginleilao\/wp-json\/wp\/v2\/types\/page"}],"author":[{"embeddable":true,"href":"https:\/\/projetos.dropestore.com\/pluginleilao\/wp-json\/wp\/v2\/users\/1"}],"replies":[{"embeddable":true,"href":"https:\/\/projetos.dropestore.com\/pluginleilao\/wp-json\/wp\/v2\/comments?post=21"}],"version-history":[{"count":0,"href":"https:\/\/projetos.dropestore.com\/pluginleilao\/wp-json\/wp\/v2\/pages\/21\/revisions"}],"wp:attachment":[{"href":"https:\/\/projetos.dropestore.com\/pluginleilao\/wp-json\/wp\/v2\/media?parent=21"}],"curies":[{"name":"wp","href":"https:\/\/api.w.org\/{rel}","templated":true}]}}